{"id":25338,"date":"2023-02-03T07:40:42","date_gmt":"2023-02-03T06:40:42","guid":{"rendered":"https:\/\/sleephero.hu\/?page_id=25338"},"modified":"2026-03-23T10:45:07","modified_gmt":"2026-03-23T09:45:07","slug":"arlista","status":"publish","type":"page","link":"https:\/\/sleephero.hu\/en\/arlista\/","title":{"rendered":"Price list"},"content":{"rendered":"\n[et_pb_section fb_built=&#8221;1&#8243; next_background_color=&#8221;#ffffff&#8221; _builder_version=&#8221;4.17.4&#8243; _module_preset=&#8221;default&#8221; use_background_color_gradient=&#8221;on&#8221; background_color_gradient_direction=&#8221;122deg&#8221; background_color_gradient_stops=&#8221;rgba(136,87,177,0.61) 1%|rgba(136,87,177,0.24) 100%&#8221; background_color_gradient_overlays_image=&#8221;on&#8221; background_image=&#8221;https:\/\/sleephero.hu\/wp-content\/uploads\/2022\/04\/Sleep-Hero.jpg&#8221; custom_margin=&#8221;111px||||false|false&#8221; custom_padding=&#8221;||96px||false|false&#8221; bottom_divider_style=&#8221;clouds2&#8243; bottom_divider_height=&#8221;139px&#8221; bottom_divider_flip=&#8221;vertical&#8221; global_colors_info=&#8221;{}&#8221;][et_pb_row _builder_version=&#8221;4.17.4&#8243; _module_preset=&#8221;default&#8221; custom_margin=&#8221;76px|auto|76px|auto|true|&#8221; global_colors_info=&#8221;{}&#8221;][et_pb_column type=&#8221;4_4&#8243; _builder_version=&#8221;4.17.4&#8243; _module_preset=&#8221;default&#8221; global_colors_info=&#8221;{}&#8221;][et_pb_text _builder_version=&#8221;4.19.5&#8243; _module_preset=&#8221;default&#8221; header_font=&#8221;Kurale|700||on|||||&#8221; header_text_align=&#8221;center&#8221; header_text_color=&#8221;#FFFFFF&#8221; header_font_size=&#8221;77px&#8221; header_font_size_tablet=&#8221;77px&#8221; header_font_size_phone=&#8221;35px&#8221; header_font_size_last_edited=&#8221;on|phone&#8221; global_colors_info=&#8221;{}&#8221;]<h1>\u00c1rlista<\/h1>[\/et_pb_text][\/et_pb_column][\/et_pb_row][\/et_pb_section][et_pb_section fb_built=&#8221;1&#8243; _builder_version=&#8221;4.19.5&#8243; _module_preset=&#8221;default&#8221; global_colors_info=&#8221;{}&#8221;][et_pb_row _builder_version=&#8221;4.20.0&#8243; _module_preset=&#8221;default&#8221; global_colors_info=&#8221;{}&#8221;][et_pb_column type=&#8221;4_4&#8243; _builder_version=&#8221;4.20.0&#8243; _module_preset=&#8221;default&#8221; custom_padding=&#8221;50px|25px|50px|25px|true|true&#8221; border_radii=&#8221;off|45px|45px|45px|45px&#8221; box_shadow_style=&#8221;preset1&#8243; box_shadow_spread=&#8221;-4px&#8221; global_colors_info=&#8221;{}&#8221;][et_pb_text _builder_version=&#8221;4.19.5&#8243; _module_preset=&#8221;default&#8221; header_text_color=&#8221;#282560&#8243; header_2_font=&#8221;Kurale|700|||||||&#8221; header_2_text_align=&#8221;left&#8221; header_2_text_color=&#8221;#282560&#8243; header_2_font_size=&#8221;39px&#8221; custom_margin=&#8221;||0px|||&#8221; global_colors_info=&#8221;{}&#8221;]<h2>Csomag \u00e1rak:<\/h2>[\/et_pb_text][et_pb_text _builder_version=&#8221;4.23.4&#8243; _module_preset=&#8221;default&#8221; text_font=&#8221;Poppins||||||||&#8221; text_text_color=&#8221;#282560&#8243; text_font_size=&#8221;18px&#8221; header_text_color=&#8221;#282560&#8243; global_colors_info=&#8221;{}&#8221;]<p><strong>Minden csomagom k\u00e9t form\u00e1ban \u00e9rhet\u0151 el:<\/strong><br \/>Napi kapcsolattart\u00e1s n\u00e9lk\u00fcl, \u00fagynevezett \u201eCsin\u00e1ld magad\u201d verzi\u00f3ban, mely k\u00e9t, 30 perces besz\u00e9lget\u00e9st foglal mag\u00e1ban a program megkezd\u00e9se ut\u00e1n, vagy pedig napi kapcsolattart\u00e1ssal 1, 2, 3 vagy ak\u00e1r t\u00f6bb h\u00e9tre is.<\/p>\n<p>B\u00e1rmikor d\u00f6nthettek \u00fagy, hogy a Csin\u00e1ld magad csomagr\u00f3l v\u00e1ltotok napi kapcsolattart\u00e1sra, ebben teljes rugalmass\u00e1got biztos\u00edtok \u00fcgyfeleimnek.<\/p>[\/et_pb_text][et_pb_blurb title=&#8221;Csin\u00e1ld magad csomag: 65 000 Ft&#8221; use_icon=&#8221;on&#8221; font_icon=&#8221;&#xf186;||fa||900&#8243; icon_placement=&#8221;left&#8221; image_icon_width=&#8221;20px&#8221; content_max_width=&#8221;100%&#8221; title_tablet=&#8221;Csin\u00e1ld magad csomag: 65 000 Ft&#8221; title_phone=&#8221;Csin\u00e1ld magad csomag: 65 000 Ft&#8221; title_last_edited=&#8221;on|phone&#8221; _builder_version=&#8221;4.27.4&#8243; _module_preset=&#8221;default&#8221; header_font=&#8221;Poppins||||||||&#8221; header_text_color=&#8221;#282560&#8243; header_font_size=&#8221;19px&#8221; header_line_height=&#8221;1.3em&#8221; global_colors_info=&#8221;{}&#8221;][\/et_pb_blurb][et_pb_blurb title=&#8221;1 hetes t\u00e1mogat\u00f3i csomag: 85 000 Ft&#8221; use_icon=&#8221;on&#8221; font_icon=&#8221;&#xf186;||fa||900&#8243; icon_placement=&#8221;left&#8221; image_icon_width=&#8221;20px&#8221; content_max_width=&#8221;100%&#8221; title_tablet=&#8221;1 hetes t\u00e1mogat\u00f3i csomag: 85 000 Ft&#8221; title_phone=&#8221;1 hetes t\u00e1mogat\u00f3i csomag: 85 000 Ft&#8221; title_last_edited=&#8221;on|phone&#8221; _builder_version=&#8221;4.27.4&#8243; _module_preset=&#8221;default&#8221; header_font=&#8221;Poppins||||||||&#8221; header_text_color=&#8221;#282560&#8243; header_font_size=&#8221;19px&#8221; header_line_height=&#8221;1.3em&#8221; global_colors_info=&#8221;{}&#8221;][\/et_pb_blurb][et_pb_blurb title=&#8221;2 hetes t\u00e1mogat\u00f3i csomag: 105 000 Ft&#8221; use_icon=&#8221;on&#8221; font_icon=&#8221;&#xf186;||fa||900&#8243; icon_placement=&#8221;left&#8221; image_icon_width=&#8221;20px&#8221; content_max_width=&#8221;100%&#8221; title_tablet=&#8221;2 hetes t\u00e1mogat\u00f3i csomag: 105 000 Ft&#8221; title_phone=&#8221;2 hetes t\u00e1mogat\u00f3i csomag: 105 000 Ft&#8221; title_last_edited=&#8221;on|phone&#8221; _builder_version=&#8221;4.27.4&#8243; _module_preset=&#8221;default&#8221; header_font=&#8221;Poppins||||||||&#8221; header_text_color=&#8221;#282560&#8243; header_font_size=&#8221;19px&#8221; header_line_height=&#8221;1.3em&#8221; global_colors_info=&#8221;{}&#8221;][\/et_pb_blurb][et_pb_blurb title=&#8221;3 hetes t\u00e1mogat\u00f3i csomag: 130 000 Ft&#8221; use_icon=&#8221;on&#8221; font_icon=&#8221;&#xf186;||fa||900&#8243; icon_placement=&#8221;left&#8221; image_icon_width=&#8221;20px&#8221; content_max_width=&#8221;100%&#8221; title_tablet=&#8221;3 hetes t\u00e1mogat\u00f3i csomag: 130 000 Ft&#8221; title_phone=&#8221;3 hetes t\u00e1mogat\u00f3i csomag: 130 000 Ft&#8221; title_last_edited=&#8221;on|phone&#8221; _builder_version=&#8221;4.27.4&#8243; _module_preset=&#8221;default&#8221; header_font=&#8221;Poppins||||||||&#8221; header_text_color=&#8221;#282560&#8243; header_font_size=&#8221;19px&#8221; header_line_height=&#8221;1.3em&#8221; global_colors_info=&#8221;{}&#8221;][\/et_pb_blurb][et_pb_blurb title=&#8221;60 perces konzult\u00e1ci\u00f3: 28 500 Ft&#8221; use_icon=&#8221;on&#8221; font_icon=&#8221;&#xf186;||fa||900&#8243; icon_placement=&#8221;left&#8221; image_icon_width=&#8221;20px&#8221; content_max_width=&#8221;100%&#8221; title_tablet=&#8221;60 perces konzult\u00e1ci\u00f3: 28 500 Ft&#8221; title_phone=&#8221;60 perces konzult\u00e1ci\u00f3: 28 500 Ft&#8221; title_last_edited=&#8221;on|phone&#8221; _builder_version=&#8221;4.27.4&#8243; _module_preset=&#8221;default&#8221; header_font=&#8221;Poppins||||||||&#8221; header_text_color=&#8221;#282560&#8243; header_font_size=&#8221;19px&#8221; header_line_height=&#8221;1.3em&#8221; global_colors_info=&#8221;{}&#8221;][\/et_pb_blurb][et_pb_blurb title=&#8221;3 h\u00f3napos Tudatos V\u00e1rand\u00f3s Program: egy\u00f6sszeg\u0171 fizet\u00e9s: 280.000 Ft, 3 havi r\u00e9szletfizet\u00e9ssel: 99.000 Ft \/ h\u00f3nap.&#8221; use_icon=&#8221;on&#8221; font_icon=&#8221;&#xf186;||fa||900&#8243; icon_placement=&#8221;left&#8221; image_icon_width=&#8221;20px&#8221; content_max_width=&#8221;100%&#8221; title_tablet=&#8221;3 h\u00f3napos Tudatos V\u00e1rand\u00f3s Program: egy\u00f6sszeg\u0171 fizet\u00e9s: 280.000 Ft, 3 havi r\u00e9szletfizet\u00e9ssel: 99.000 Ft \/ h\u00f3nap.&#8221; title_phone=&#8221;3 h\u00f3napos Tudatos V\u00e1rand\u00f3s Program: egy\u00f6sszeg\u0171 fizet\u00e9s: 280.000 Ft, 3 havi r\u00e9szletfizet\u00e9ssel: 99.000 Ft \/ h\u00f3nap.&#8221; title_last_edited=&#8221;on|phone&#8221; _builder_version=&#8221;4.27.5&#8243; _module_preset=&#8221;default&#8221; header_font=&#8221;Poppins||||||||&#8221; header_text_color=&#8221;#282560&#8243; header_font_size=&#8221;19px&#8221; header_line_height=&#8221;1.3em&#8221; global_colors_info=&#8221;{}&#8221;][\/et_pb_blurb][et_pb_blurb title=&#8221;2 h\u00f3napos Kimer\u00fclt Sz\u00fcl\u0151k Program: egy\u00f6sszeg\u0171 fizet\u00e9s: 296.000 Ft, 2 havi r\u00e9szletfizet\u00e9ssel: 150.000 Ft \/ h\u00f3nap.&#8221; use_icon=&#8221;on&#8221; font_icon=&#8221;&#xf186;||fa||900&#8243; icon_placement=&#8221;left&#8221; image_icon_width=&#8221;20px&#8221; content_max_width=&#8221;100%&#8221; title_tablet=&#8221;2 h\u00f3napos Kimer\u00fclt Sz\u00fcl\u0151k Program: egy\u00f6sszeg\u0171 fizet\u00e9s: 296.000 Ft, 2 havi r\u00e9szletfizet\u00e9ssel: 150.000 Ft \/ h\u00f3nap.&#8221; title_phone=&#8221;2 h\u00f3napos Kimer\u00fclt Sz\u00fcl\u0151k Program: egy\u00f6sszeg\u0171 fizet\u00e9s: 296.000 Ft, 2 havi r\u00e9szletfizet\u00e9ssel: 150.000 Ft \/ h\u00f3nap.&#8221; title_last_edited=&#8221;on|phone&#8221; _builder_version=&#8221;4.27.5&#8243; _module_preset=&#8221;default&#8221; header_font=&#8221;Poppins||||||||&#8221; header_text_color=&#8221;#282560&#8243; header_font_size=&#8221;19px&#8221; header_line_height=&#8221;1.3em&#8221; hover_enabled=&#8221;0&#8243; global_colors_info=&#8221;{}&#8221; sticky_enabled=&#8221;0&#8243;][\/et_pb_blurb][et_pb_button button_url=&#8221;https:\/\/sleephero.hu\/elozetes-konzultacio\/&#8221; url_new_window=&#8221;on&#8221; button_text=&#8221;Foglalj egy ingyenes besz\u00e9lget\u00e9st velem!&#8221; button_alignment=&#8221;center&#8221; _builder_version=&#8221;4.22.2&#8243; _module_preset=&#8221;default&#8221; custom_button=&#8221;on&#8221; button_text_size=&#8221;18px&#8221; button_text_color=&#8221;#282560&#8243; button_bg_color=&#8221;#BADA55&#8243; button_border_width=&#8221;4px&#8221; button_border_color=&#8221;#BADA55&#8243; button_border_radius=&#8221;100px&#8221; button_letter_spacing=&#8221;2px&#8221; button_font=&#8221;Poppins|600||on|||||&#8221; button_icon=&#8221;&#x45;||divi||400&#8243; custom_margin=&#8221;21px||||false|false&#8221; button_text_size_tablet=&#8221;&#8221; button_text_size_phone=&#8221;15px&#8221; button_text_size_last_edited=&#8221;on|phone&#8221; button_text_color_hover=&#8221;#ffffff&#8221; button_border_color_hover=&#8221;#ffffff&#8221; button_letter_spacing_hover=&#8221;2px&#8221; button_bg_color_hover=&#8221;rgba(0,0,0,0)&#8221; locked=&#8221;off&#8221; global_colors_info=&#8221;{}&#8221; button_text_size__hover_enabled=&#8221;off&#8221; button_one_text_size__hover_enabled=&#8221;off&#8221; button_two_text_size__hover_enabled=&#8221;off&#8221; button_text_color__hover_enabled=&#8221;on|desktop&#8221; button_text_color__hover=&#8221;#FFFFFF&#8221; button_one_text_color__hover_enabled=&#8221;off&#8221; button_two_text_color__hover_enabled=&#8221;off&#8221; button_border_width__hover_enabled=&#8221;off&#8221; button_one_border_width__hover_enabled=&#8221;off&#8221; button_two_border_width__hover_enabled=&#8221;off&#8221; button_border_color__hover_enabled=&#8221;on&#8221; button_border_color__hover=&#8221;#282560&#8243; button_one_border_color__hover_enabled=&#8221;off&#8221; button_two_border_color__hover_enabled=&#8221;off&#8221; button_border_radius__hover_enabled=&#8221;off&#8221; button_one_border_radius__hover_enabled=&#8221;off&#8221; button_two_border_radius__hover_enabled=&#8221;off&#8221; button_letter_spacing__hover_enabled=&#8221;on&#8221; button_letter_spacing__hover=&#8221;2px&#8221; button_one_letter_spacing__hover_enabled=&#8221;off&#8221; button_two_letter_spacing__hover_enabled=&#8221;off&#8221; button_bg_color__hover_enabled=&#8221;on|desktop&#8221; button_bg_color__hover=&#8221;#282560&#8243; button_one_bg_color__hover_enabled=&#8221;off&#8221; button_two_bg_color__hover_enabled=&#8221;off&#8221; button_bg_enable_color__hover=&#8221;on&#8221;][\/et_pb_button][\/et_pb_column][\/et_pb_row][\/et_pb_section]\n","protected":false},"excerpt":{"rendered":"<p>\u00c1rlistaCsomag \u00e1rak:Minden csomagom k\u00e9t form\u00e1ban \u00e9rhet\u0151 el:Napi kapcsolattart\u00e1s n\u00e9lk\u00fcl, \u00fagynevezett \u201eCsin\u00e1ld magad\u201d verzi\u00f3ban, mely k\u00e9t, 30 perces besz\u00e9lget\u00e9st foglal mag\u00e1ban a program megkezd\u00e9se ut\u00e1n, vagy pedig napi kapcsolattart\u00e1ssal 1, 2, 3 vagy ak\u00e1r t\u00f6bb h\u00e9tre is. B\u00e1rmikor d\u00f6nthettek \u00fagy, hogy a Csin\u00e1ld magad csomagr\u00f3l v\u00e1ltotok napi kapcsolattart\u00e1sra, ebben teljes rugalmass\u00e1got biztos\u00edtok \u00fcgyfeleimnek.<\/p>","protected":false},"author":3,"featured_media":0,"parent":0,"menu_order":0,"comment_status":"closed","ping_status":"closed","template":"","meta":{"_et_pb_use_builder":"on","_et_pb_old_content":"","_et_gb_content_width":"","inline_featured_image":false,"footnotes":""},"class_list":["post-25338","page","type-page","status-publish","hentry"],"yoast_head":"<!-- This site is optimized with the Yoast SEO plugin v27.1.1 - https:\/\/yoast.com\/product\/yoast-seo-wordpress\/ -->\n<title>Alv\u00e1stan\u00e1csad\u00e1s \u00e1ra \u2013 csomagok \u00e9s d\u00edjak | Sleep Hero<\/title>\n<meta name=\"description\" content=\"Mennyi az alv\u00e1stan\u00e1csad\u00e1s \u00e1ra? Csomagok 65 000 Ft-t\u00f3l, mentor programok \u00e9s 60 perces konzult\u00e1ci\u00f3. \u00c1tl\u00e1that\u00f3 d\u00edjszab\u00e1s, rugalmas fizet\u00e9s.\" \/>\n<meta name=\"robots\" content=\"index, follow, max-snippet:-1, max-image-preview:large, max-video-preview:-1\" \/>\n<link rel=\"canonical\" href=\"https:\/\/sleephero.hu\/en\/arlista\/\" \/>\n<meta property=\"og:locale\" content=\"en_GB\" \/>\n<meta property=\"og:type\" content=\"article\" \/>\n<meta property=\"og:title\" content=\"Alv\u00e1stan\u00e1csad\u00e1s \u00e1ra \u2013 csomagok \u00e9s d\u00edjak | Sleep Hero\" \/>\n<meta property=\"og:description\" content=\"Mennyi az alv\u00e1stan\u00e1csad\u00e1s \u00e1ra? Csomagok 65 000 Ft-t\u00f3l, mentor programok \u00e9s 60 perces konzult\u00e1ci\u00f3. \u00c1tl\u00e1that\u00f3 d\u00edjszab\u00e1s, rugalmas fizet\u00e9s.\" \/>\n<meta property=\"og:url\" content=\"https:\/\/sleephero.hu\/en\/arlista\/\" \/>\n<meta property=\"og:site_name\" content=\"Sleep Hero\" \/>\n<meta property=\"article:publisher\" content=\"https:\/\/www.facebook.com\/sleephero.hu\/\" \/>\n<meta property=\"article:modified_time\" content=\"2026-03-23T09:45:07+00:00\" \/>\n<meta name=\"twitter:card\" content=\"summary_large_image\" \/>\n<meta name=\"twitter:label1\" content=\"Estimated reading time\" \/>\n\t<meta name=\"twitter:data1\" content=\"1 minute\" \/>\n<script type=\"application\/ld+json\" class=\"yoast-schema-graph\">{\"@context\":\"https:\/\/schema.org\",\"@graph\":[{\"@type\":\"WebPage\",\"@id\":\"https:\/\/sleephero.hu\/arlista\/\",\"url\":\"https:\/\/sleephero.hu\/arlista\/\",\"name\":\"Alv\u00e1stan\u00e1csad\u00e1s \u00e1ra \u2013 csomagok \u00e9s d\u00edjak | Sleep Hero\",\"isPartOf\":{\"@id\":\"https:\/\/sleephero.hu\/#website\"},\"datePublished\":\"2023-02-03T06:40:42+00:00\",\"dateModified\":\"2026-03-23T09:45:07+00:00\",\"description\":\"Mennyi az alv\u00e1stan\u00e1csad\u00e1s \u00e1ra? Csomagok 65 000 Ft-t\u00f3l, mentor programok \u00e9s 60 perces konzult\u00e1ci\u00f3. \u00c1tl\u00e1that\u00f3 d\u00edjszab\u00e1s, rugalmas fizet\u00e9s.\",\"breadcrumb\":{\"@id\":\"https:\/\/sleephero.hu\/arlista\/#breadcrumb\"},\"inLanguage\":\"en-GB\",\"potentialAction\":[{\"@type\":\"ReadAction\",\"target\":[\"https:\/\/sleephero.hu\/arlista\/\"]}]},{\"@type\":\"BreadcrumbList\",\"@id\":\"https:\/\/sleephero.hu\/arlista\/#breadcrumb\",\"itemListElement\":[{\"@type\":\"ListItem\",\"position\":1,\"name\":\"Kezd\u0151lap\",\"item\":\"https:\/\/sleephero.hu\/\"},{\"@type\":\"ListItem\",\"position\":2,\"name\":\"\u00c1rlista\"}]},{\"@type\":\"WebSite\",\"@id\":\"https:\/\/sleephero.hu\/#website\",\"url\":\"https:\/\/sleephero.hu\/\",\"name\":\"Sleep Hero\",\"description\":\"\",\"publisher\":{\"@id\":\"https:\/\/sleephero.hu\/#organization\"},\"potentialAction\":[{\"@type\":\"SearchAction\",\"target\":{\"@type\":\"EntryPoint\",\"urlTemplate\":\"https:\/\/sleephero.hu\/?s={search_term_string}\"},\"query-input\":{\"@type\":\"PropertyValueSpecification\",\"valueRequired\":true,\"valueName\":\"search_term_string\"}}],\"inLanguage\":\"en-GB\"},{\"@type\":\"Organization\",\"@id\":\"https:\/\/sleephero.hu\/#organization\",\"name\":\"Sleep Hero\",\"url\":\"https:\/\/sleephero.hu\/\",\"logo\":{\"@type\":\"ImageObject\",\"inLanguage\":\"en-GB\",\"@id\":\"https:\/\/sleephero.hu\/#\/schema\/logo\/image\/\",\"url\":\"https:\/\/sleephero.hu\/wp-content\/uploads\/2020\/06\/logo@2x.png\",\"contentUrl\":\"https:\/\/sleephero.hu\/wp-content\/uploads\/2020\/06\/logo@2x.png\",\"width\":320,\"height\":160,\"caption\":\"Sleep Hero\"},\"image\":{\"@id\":\"https:\/\/sleephero.hu\/#\/schema\/logo\/image\/\"},\"sameAs\":[\"https:\/\/www.facebook.com\/sleephero.hu\/\"]}]}<\/script>\n<!-- \/ Yoast SEO plugin. -->","yoast_head_json":{"title":"Alv\u00e1stan\u00e1csad\u00e1s \u00e1ra \u2013 csomagok \u00e9s d\u00edjak | Sleep Hero","description":"Mennyi az alv\u00e1stan\u00e1csad\u00e1s \u00e1ra? Csomagok 65 000 Ft-t\u00f3l, mentor programok \u00e9s 60 perces konzult\u00e1ci\u00f3. \u00c1tl\u00e1that\u00f3 d\u00edjszab\u00e1s, rugalmas fizet\u00e9s.","robots":{"index":"index","follow":"follow","max-snippet":"max-snippet:-1","max-image-preview":"max-image-preview:large","max-video-preview":"max-video-preview:-1"},"canonical":"https:\/\/sleephero.hu\/en\/arlista\/","og_locale":"en_GB","og_type":"article","og_title":"Alv\u00e1stan\u00e1csad\u00e1s \u00e1ra \u2013 csomagok \u00e9s d\u00edjak | Sleep Hero","og_description":"Mennyi az alv\u00e1stan\u00e1csad\u00e1s \u00e1ra? Csomagok 65 000 Ft-t\u00f3l, mentor programok \u00e9s 60 perces konzult\u00e1ci\u00f3. \u00c1tl\u00e1that\u00f3 d\u00edjszab\u00e1s, rugalmas fizet\u00e9s.","og_url":"https:\/\/sleephero.hu\/en\/arlista\/","og_site_name":"Sleep Hero","article_publisher":"https:\/\/www.facebook.com\/sleephero.hu\/","article_modified_time":"2026-03-23T09:45:07+00:00","twitter_card":"summary_large_image","twitter_misc":{"Estimated reading time":"1 minute"},"schema":{"@context":"https:\/\/schema.org","@graph":[{"@type":"WebPage","@id":"https:\/\/sleephero.hu\/arlista\/","url":"https:\/\/sleephero.hu\/arlista\/","name":"Alv\u00e1stan\u00e1csad\u00e1s \u00e1ra \u2013 csomagok \u00e9s d\u00edjak | Sleep Hero","isPartOf":{"@id":"https:\/\/sleephero.hu\/#website"},"datePublished":"2023-02-03T06:40:42+00:00","dateModified":"2026-03-23T09:45:07+00:00","description":"Mennyi az alv\u00e1stan\u00e1csad\u00e1s \u00e1ra? Csomagok 65 000 Ft-t\u00f3l, mentor programok \u00e9s 60 perces konzult\u00e1ci\u00f3. \u00c1tl\u00e1that\u00f3 d\u00edjszab\u00e1s, rugalmas fizet\u00e9s.","breadcrumb":{"@id":"https:\/\/sleephero.hu\/arlista\/#breadcrumb"},"inLanguage":"en-GB","potentialAction":[{"@type":"ReadAction","target":["https:\/\/sleephero.hu\/arlista\/"]}]},{"@type":"BreadcrumbList","@id":"https:\/\/sleephero.hu\/arlista\/#breadcrumb","itemListElement":[{"@type":"ListItem","position":1,"name":"Kezd\u0151lap","item":"https:\/\/sleephero.hu\/"},{"@type":"ListItem","position":2,"name":"\u00c1rlista"}]},{"@type":"WebSite","@id":"https:\/\/sleephero.hu\/#website","url":"https:\/\/sleephero.hu\/","name":"Sleep Hero","description":"","publisher":{"@id":"https:\/\/sleephero.hu\/#organization"},"potentialAction":[{"@type":"SearchAction","target":{"@type":"EntryPoint","urlTemplate":"https:\/\/sleephero.hu\/?s={search_term_string}"},"query-input":{"@type":"PropertyValueSpecification","valueRequired":true,"valueName":"search_term_string"}}],"inLanguage":"en-GB"},{"@type":"Organization","@id":"https:\/\/sleephero.hu\/#organization","name":"Sleep Hero","url":"https:\/\/sleephero.hu\/","logo":{"@type":"ImageObject","inLanguage":"en-GB","@id":"https:\/\/sleephero.hu\/#\/schema\/logo\/image\/","url":"https:\/\/sleephero.hu\/wp-content\/uploads\/2020\/06\/logo@2x.png","contentUrl":"https:\/\/sleephero.hu\/wp-content\/uploads\/2020\/06\/logo@2x.png","width":320,"height":160,"caption":"Sleep Hero"},"image":{"@id":"https:\/\/sleephero.hu\/#\/schema\/logo\/image\/"},"sameAs":["https:\/\/www.facebook.com\/sleephero.hu\/"]}]}},"_links":{"self":[{"href":"https:\/\/sleephero.hu\/en\/wp-json\/wp\/v2\/pages\/25338","targetHints":{"allow":["GET"]}}],"collection":[{"href":"https:\/\/sleephero.hu\/en\/wp-json\/wp\/v2\/pages"}],"about":[{"href":"https:\/\/sleephero.hu\/en\/wp-json\/wp\/v2\/types\/page"}],"author":[{"embeddable":true,"href":"https:\/\/sleephero.hu\/en\/wp-json\/wp\/v2\/users\/3"}],"replies":[{"embeddable":true,"href":"https:\/\/sleephero.hu\/en\/wp-json\/wp\/v2\/comments?post=25338"}],"version-history":[{"count":11,"href":"https:\/\/sleephero.hu\/en\/wp-json\/wp\/v2\/pages\/25338\/revisions"}],"predecessor-version":[{"id":26741,"href":"https:\/\/sleephero.hu\/en\/wp-json\/wp\/v2\/pages\/25338\/revisions\/26741"}],"wp:attachment":[{"href":"https:\/\/sleephero.hu\/en\/wp-json\/wp\/v2\/media?parent=25338"}],"curies":[{"name":"wp","href":"https:\/\/api.w.org\/{rel}","templated":true}]}}