{"id":25707,"date":"2024-01-01T12:55:21","date_gmt":"2024-01-01T11:55:21","guid":{"rendered":"https:\/\/sleephero.hu\/?page_id=25707"},"modified":"2025-05-02T12:34:23","modified_gmt":"2025-05-02T10:34:23","slug":"elozetes-konzultacio","status":"publish","type":"page","link":"https:\/\/sleephero.hu\/en\/elozetes-konzultacio\/","title":{"rendered":"El\u0151zetes konzult\u00e1ci\u00f3"},"content":{"rendered":"<p>[et_pb_section fb_built=&#8221;1&#8243; admin_label=&#8221;Footer&#8221; module_id=&#8221;astn-package-cf&#8221; _builder_version=&#8221;4.22.2&#8243; background_color=&#8221;#8857B1&#8243; background_enable_image=&#8221;off&#8221; background_enable_pattern_style=&#8221;on&#8221; background_pattern_style=&#8221;waves&#8221; custom_margin=&#8221;110px||||false|false&#8221; custom_margin_tablet=&#8221;95px||||false|false&#8221; custom_margin_phone=&#8221;95px||||false|false&#8221; custom_margin_last_edited=&#8221;on|phone&#8221; custom_padding=&#8221;10%||10%||false|false&#8221; bottom_divider_flip=&#8221;horizontal&#8221; locked=&#8221;off&#8221; global_colors_info=&#8221;{}&#8221;][et_pb_row _builder_version=&#8221;4.22.2&#8243; background_color=&#8221;#FFFFFF&#8221; background_enable_pattern_style=&#8221;on&#8221; background_pattern_style=&#8221;waves&#8221; background_pattern_color=&#8221;rgba(0,0,0,0.02)&#8221; width_tablet=&#8221;&#8221; width_phone=&#8221;95%&#8221; width_last_edited=&#8221;on|phone&#8221; custom_margin=&#8221;|auto||auto|false|false&#8221; custom_padding=&#8221;||0px||false|false&#8221; border_radii=&#8221;off||80px|80px|80px&#8221; box_shadow_style=&#8221;preset1&#8243; locked=&#8221;off&#8221; global_colors_info=&#8221;{}&#8221;][et_pb_column type=&#8221;4_4&#8243; _builder_version=&#8221;4.16&#8243; custom_padding=&#8221;|||&#8221; global_colors_info=&#8221;{}&#8221; custom_padding__hover=&#8221;|||&#8221;][et_pb_text content_tablet=&#8221;<\/p>\n<p>Alv\u00e1stan\u00e1csad\u00e1st bemutat\u00f3 ingyenes besz\u00e9lget\u00e9s<\/p>\n<p>&#8221; content_phone=&#8221;<\/p>\n<p>Alv\u00e1stan\u00e1csad\u00e1st bemutat\u00f3 ingyenes besz\u00e9lget\u00e9s<\/p>\n<p>&#8221; content_last_edited=&#8221;on|desktop&#8221; _builder_version=&#8221;4.27.4&#8243; _module_preset=&#8221;default&#8221; text_font=&#8221;Kurale|700|||||||&#8221; text_text_color=&#8221;#282560&#8243; text_font_size=&#8221;35px&#8221; text_line_height=&#8221;1.1em&#8221; text_orientation=&#8221;center&#8221; custom_margin=&#8221;60px||60px||true|false&#8221; hover_enabled=&#8221;0&#8243; global_colors_info=&#8221;{}&#8221; sticky_enabled=&#8221;0&#8243;]<\/p>\n<p>Alv\u00e1stan\u00e1csad\u00e1st bemutat\u00f3 ingyenes besz\u00e9lget\u00e9s<\/p>\n<p>[\/et_pb_text][et_pb_text _builder_version=&#8221;4.27.4&#8243; _module_preset=&#8221;default&#8221; text_font=&#8221;Poppins|500|||||||&#8221; text_text_color=&#8221;#282560&#8243; text_font_size=&#8221;19px&#8221; text_orientation=&#8221;center&#8221; width_tablet=&#8221;80%&#8221; width_phone=&#8221;85%&#8221; width_last_edited=&#8221;on|phone&#8221; module_alignment=&#8221;center&#8221; custom_margin=&#8221;-30px||||false|false&#8221; custom_margin_tablet=&#8221;-30px||||false|false&#8221; custom_margin_phone=&#8221;-30px||||false|false&#8221; custom_margin_last_edited=&#8221;on|desktop&#8221; hover_enabled=&#8221;0&#8243; text_font_size_tablet=&#8221;17px&#8221; text_font_size_phone=&#8221;16px&#8221; text_font_size_last_edited=&#8221;on|phone&#8221; text_line_height_tablet=&#8221;&#8221; text_line_height_phone=&#8221;&#8221; text_line_height_last_edited=&#8221;on|desktop&#8221; global_colors_info=&#8221;{}&#8221; sticky_enabled=&#8221;0&#8243; custom_padding=&#8221;|70px||70px|true|true&#8221; content_last_edited=&#8221;on|desktop&#8221; custom_padding_last_edited=&#8221;on|phone&#8221; custom_padding_tablet=&#8221;|0px||0px|true|true&#8221; content_tablet=&#8221;<\/p>\n<p>Mi a sz\u00f6sz az a gyermek alv\u00e1stan\u00e1csad\u00e1s?<\/p>\n<p>Hogyan lesz az \u00e9jjeli, gyakori \u00e9bred\u00e9sekb\u0151l \u00e1taludt \u00e9jszaka?<\/p>\n<p>A ringat\u00e1sokat, k\u00fcl\u00f6nb\u00f6z\u0151 altat\u00e1si tr\u00fckk\u00f6ket, a cicin val\u00f3 elalv\u00e1st hogyan v\u00e1ltja fel a b\u00e9k\u00e9s elalv\u00e1s a kis\u00e1gyban?<\/p>\n<p>Ezeket a k\u00e9rd\u00e9seket gyakran hitetlenkedve, szkeptikusan teszik fel nekem &#8211; \u00e1m az alv\u00e1s tan\u00e1csad\u00e1s v\u00e9g\u00e9re a legszkeptikusabb anyuk\u00e1k \u00e9s apuk\u00e1k is mosolyogva k\u00f6sz\u00f6nnek el t\u0151lem.<\/p>\n<p>Persze nem az a c\u00e9l, hogy azonnal belev\u00e1gjunk, hanem az, hogy megismerj\u00e9tek a programot, feltegy\u00e9tek a k\u00e9rd\u00e9seiteket, \u00e9s l\u00e1ss\u00e1tok \u00e1t, mi az, amiben a seg\u00edts\u00e9getekre leszek.<\/p>\n<p>Ezt a c\u00e9lt szolg\u00e1lja ez az ismerked\u0151s telefonbesz\u00e9lget\u00e9s, mely k\u00f6telezetts\u00e9gek n\u00e9lk\u00fcli, \u00e9s az eg\u00e9sz arr\u00f3l sz\u00f3l, hogy megismerjetek engem, amit k\u00e9pviselek, az alv\u00e1stan\u00e1csad\u00e1s menet\u00e9t, \u00e9s magabiztosan d\u00f6nts\u00e9tek el, hogy k\u00e9ritek-e a seg\u00edts\u00e9gemet.<\/p>\n<p>\u00c9ln\u00e9tek a lehet\u0151s\u00e9ggel?<\/p>\n<p>Nincs m\u00e1s dolgotok, csup\u00e1n v\u00e1lasszatok egy Sz\u00e1motokra megfelel\u0151 id\u0151pontot, foglalj\u00e1tok le, \u00e9s \u00e9n h\u00edvni foglak Benneteket telefonon!<\/p>\n<p>Ha esetleg nem siker\u00fcl Sz\u00e1motokra ide\u00e1lis id\u0151pontot tal\u00e1lni, b\u00e1tran \u00edrjatok a <a href=%22mailto:sleephero.gyermekaltatas@gmail.com%22>sleephero.gyermekaltatas@gmail.com<\/a> e-mail c\u00edmemre.<\/p>\n<p>&#8221; content_phone=&#8221;<\/p>\n<p>Mi a sz\u00f6sz az a gyermek alv\u00e1stan\u00e1csad\u00e1s?<\/p>\n<p>Hogyan lesz az \u00e9jjeli, gyakori \u00e9bred\u00e9sekb\u0151l \u00e1taludt \u00e9jszaka?<\/p>\n<p>A ringat\u00e1sokat, k\u00fcl\u00f6nb\u00f6z\u0151 altat\u00e1si tr\u00fckk\u00f6ket, a cicin val\u00f3 elalv\u00e1st hogyan v\u00e1ltja fel a b\u00e9k\u00e9s elalv\u00e1s a kis\u00e1gyban?<\/p>\n<p>Ezeket a k\u00e9rd\u00e9seket gyakran hitetlenkedve, szkeptikusan teszik fel nekem &#8211; \u00e1m az alv\u00e1s tan\u00e1csad\u00e1s v\u00e9g\u00e9re a legszkeptikusabb anyuk\u00e1k \u00e9s apuk\u00e1k is mosolyogva k\u00f6sz\u00f6nnek el t\u0151lem.<\/p>\n<p>Persze nem az a c\u00e9l, hogy azonnal belev\u00e1gjunk, hanem az, hogy megismerj\u00e9tek a programot, feltegy\u00e9tek a k\u00e9rd\u00e9seiteket, \u00e9s l\u00e1ss\u00e1tok \u00e1t, mi az, amiben a seg\u00edts\u00e9getekre leszek.<\/p>\n<p>Ezt a c\u00e9lt szolg\u00e1lja ez az ismerked\u0151s telefonbesz\u00e9lget\u00e9s, mely k\u00f6telezetts\u00e9gek n\u00e9lk\u00fcli, \u00e9s az eg\u00e9sz arr\u00f3l sz\u00f3l, hogy megismerjetek engem, amit k\u00e9pviselek, az alv\u00e1stan\u00e1csad\u00e1s menet\u00e9t, \u00e9s magabiztosan d\u00f6nts\u00e9tek el, hogy k\u00e9ritek-e a seg\u00edts\u00e9gemet.<\/p>\n<p>\u00c9ln\u00e9tek a lehet\u0151s\u00e9ggel?<\/p>\n<p>Nincs m\u00e1s dolgotok, csup\u00e1n v\u00e1lasszatok egy Sz\u00e1motokra megfelel\u0151 id\u0151pontot, foglalj\u00e1tok le, \u00e9s \u00e9n h\u00edvni foglak Benneteket telefonon!<\/p>\n<p>Ha esetleg nem siker\u00fcl Sz\u00e1motokra ide\u00e1lis id\u0151pontot tal\u00e1lni, b\u00e1tran \u00edrjatok a <a href=%22mailto:sleephero.gyermekaltatas@gmail.com%22>sleephero.gyermekaltatas@gmail.com<\/a> e-mail c\u00edmemre.<\/p>\n<p>&#8221; custom_padding_phone=&#8221;|0px||0px|true|true&#8221;]<\/p>\n<p>Mi a sz\u00f6sz az a gyermek alv\u00e1stan\u00e1csad\u00e1s?<\/p>\n<p>Hogyan lesz az \u00e9jjeli, gyakori \u00e9bred\u00e9sekb\u0151l \u00e1taludt \u00e9jszaka?<\/p>\n<p>A ringat\u00e1sokat, k\u00fcl\u00f6nb\u00f6z\u0151 altat\u00e1si tr\u00fckk\u00f6ket, a cicin val\u00f3 elalv\u00e1st hogyan v\u00e1ltja fel a b\u00e9k\u00e9s elalv\u00e1s a kis\u00e1gyban?<\/p>\n<p>Ezeket a k\u00e9rd\u00e9seket gyakran hitetlenkedve, szkeptikusan teszik fel nekem &#8211; \u00e1m az alv\u00e1s tan\u00e1csad\u00e1s v\u00e9g\u00e9re a legszkeptikusabb anyuk\u00e1k \u00e9s apuk\u00e1k is mosolyogva k\u00f6sz\u00f6nnek el t\u0151lem.<\/p>\n<p>Persze nem az a c\u00e9l, hogy azonnal belev\u00e1gjunk, hanem az, hogy megismerj\u00e9tek a programot, feltegy\u00e9tek a k\u00e9rd\u00e9seiteket, \u00e9s l\u00e1ss\u00e1tok \u00e1t, mi az, amiben a seg\u00edts\u00e9getekre leszek.<\/p>\n<p>Ezt a c\u00e9lt szolg\u00e1lja ez az ismerked\u0151s telefonbesz\u00e9lget\u00e9s, mely k\u00f6telezetts\u00e9gek n\u00e9lk\u00fcli, \u00e9s az eg\u00e9sz arr\u00f3l sz\u00f3l, hogy megismerjetek engem, amit k\u00e9pviselek, az alv\u00e1stan\u00e1csad\u00e1s menet\u00e9t, \u00e9s magabiztosan d\u00f6nts\u00e9tek el, hogy k\u00e9ritek-e a seg\u00edts\u00e9gemet.<\/p>\n<p>\u00c9ln\u00e9tek a lehet\u0151s\u00e9ggel?<\/p>\n<p>Nincs m\u00e1s dolgotok, csup\u00e1n v\u00e1lasszatok egy Sz\u00e1motokra megfelel\u0151 id\u0151pontot, foglalj\u00e1tok le, \u00e9s \u00e9n h\u00edvni foglak Benneteket telefonon!<\/p>\n<p>Ha esetleg nem siker\u00fcl Sz\u00e1motokra ide\u00e1lis id\u0151pontot tal\u00e1lni, b\u00e1tran \u00edrjatok a <a href=\"mailto:sleephero.gyermekaltatas@gmail.com\">sleephero.gyermekaltatas@gmail.com<\/a> e-mail c\u00edmemre.<\/p>\n<p>[\/et_pb_text][et_pb_code _builder_version=&#8221;4.22.2&#8243; _module_preset=&#8221;default&#8221; background_enable_color=&#8221;off&#8221; width=&#8221;62%&#8221; module_alignment=&#8221;center&#8221; custom_margin=&#8221;-45px||||false|false&#8221; custom_margin_tablet=&#8221;-45px||||false|false&#8221; custom_margin_phone=&#8221;-45px||||false|false&#8221; custom_margin_last_edited=&#8221;on|desktop&#8221; global_colors_info=&#8221;{}&#8221;]\n<script>\n  if (typeof hasAmeliaEntitiesApiCall === 'undefined' && '' === '') {\n    var hasAmeliaEntitiesApiCall = true;\n  }\n  var ameliaShortcodeData = (typeof ameliaShortcodeData === 'undefined') ? [] : ameliaShortcodeData;\n  ameliaShortcodeData.push(\n    {\n      'hasApiCall': (typeof hasAmeliaEntitiesApiCall !== 'undefined') && hasAmeliaEntitiesApiCall,\n      'trigger': '',\n      'trigger_type': '',\n      'triggered_form': 'sbsNew',\n      'in_dialog': '',\n      'show': '',\n      'counter': '1000',\n      'category': '',\n      'service': '31',\n      'employee': '',\n      'location': '',\n      'package': ''\n    }\n  );\n\n  var ameliaShortcodeDataTriggered = (typeof ameliaShortcodeDataTriggered === 'undefined') ? [] : ameliaShortcodeDataTriggered;\n  if (ameliaShortcodeData[ameliaShortcodeData.length - 1].trigger !== '') {\n    if (ameliaShortcodeDataTriggered.filter(a => a.counter === ameliaShortcodeData[ameliaShortcodeData.length - 1].counter).length === 0) {\n      ameliaShortcodeDataTriggered.push(ameliaShortcodeData.pop());\n    } else {\n      ameliaShortcodeData.pop()\n    }\n  }\n  if (typeof hasAmeliaEntitiesApiCall !== 'undefined' && hasAmeliaEntitiesApiCall) {\n    hasAmeliaEntitiesApiCall = false;\n  }\n<\/script>\n\n<div\n  id=\"amelia-v2-booking-1000\"\n  class=\"amelia-v2-booking\"\n >\n    <step-form-wrapper><\/step-form-wrapper><\/div>\n[\/et_pb_code][\/et_pb_column][\/et_pb_row][\/et_pb_section]<\/p>\n","protected":false},"excerpt":{"rendered":"<p>Alv\u00e1stan\u00e1csad\u00e1st bemutat\u00f3 ingyenes besz\u00e9lget\u00e9sMi a sz\u00f6sz az a gyermek alv\u00e1stan\u00e1csad\u00e1s? Hogyan lesz az \u00e9jjeli, gyakori \u00e9bred\u00e9sekb\u0151l \u00e1taludt \u00e9jszaka? A ringat\u00e1sokat, k\u00fcl\u00f6nb\u00f6z\u0151 altat\u00e1si tr\u00fckk\u00f6ket, a cicin val\u00f3 elalv\u00e1st hogyan v\u00e1ltja fel a b\u00e9k\u00e9s elalv\u00e1s a kis\u00e1gyban? Ezeket a k\u00e9rd\u00e9seket gyakran hitetlenkedve, szkeptikusan teszik fel nekem &#8211; \u00e1m az alv\u00e1s tan\u00e1csad\u00e1s v\u00e9g\u00e9re a legszkeptikusabb anyuk\u00e1k \u00e9s apuk\u00e1k [&hellip;]<\/p>\n","protected":false},"author":155,"featured_media":0,"parent":0,"menu_order":0,"comment_status":"closed","ping_status":"closed","template":"","meta":{"_et_pb_use_builder":"on","_et_pb_old_content":"","_et_gb_content_width":"","inline_featured_image":false,"footnotes":""},"class_list":["post-25707","page","type-page","status-publish","hentry"],"yoast_head":"<!-- This site is optimized with the Yoast SEO plugin v27.1.1 - https:\/\/yoast.com\/product\/yoast-seo-wordpress\/ -->\n<title>El\u0151zetes konzult\u00e1ci\u00f3 - Sleep Hero<\/title>\n<meta name=\"robots\" content=\"index, follow, max-snippet:-1, max-image-preview:large, max-video-preview:-1\" \/>\n<link rel=\"canonical\" href=\"https:\/\/sleephero.hu\/en\/elozetes-konzultacio\/\" \/>\n<meta property=\"og:locale\" content=\"en_GB\" \/>\n<meta property=\"og:type\" content=\"article\" \/>\n<meta property=\"og:title\" content=\"El\u0151zetes konzult\u00e1ci\u00f3 - Sleep Hero\" \/>\n<meta property=\"og:description\" content=\"Alv\u00e1stan\u00e1csad\u00e1st bemutat\u00f3 ingyenes besz\u00e9lget\u00e9sMi a sz\u00f6sz az a gyermek alv\u00e1stan\u00e1csad\u00e1s? Hogyan lesz az \u00e9jjeli, gyakori \u00e9bred\u00e9sekb\u0151l \u00e1taludt \u00e9jszaka? A ringat\u00e1sokat, k\u00fcl\u00f6nb\u00f6z\u0151 altat\u00e1si tr\u00fckk\u00f6ket, a cicin val\u00f3 elalv\u00e1st hogyan v\u00e1ltja fel a b\u00e9k\u00e9s elalv\u00e1s a kis\u00e1gyban? Ezeket a k\u00e9rd\u00e9seket gyakran hitetlenkedve, szkeptikusan teszik fel nekem - \u00e1m az alv\u00e1s tan\u00e1csad\u00e1s v\u00e9g\u00e9re a legszkeptikusabb anyuk\u00e1k \u00e9s apuk\u00e1k [&hellip;]\" \/>\n<meta property=\"og:url\" content=\"https:\/\/sleephero.hu\/en\/elozetes-konzultacio\/\" \/>\n<meta property=\"og:site_name\" content=\"Sleep Hero\" \/>\n<meta property=\"article:publisher\" content=\"https:\/\/www.facebook.com\/sleephero.hu\/\" \/>\n<meta property=\"article:modified_time\" content=\"2025-05-02T10:34:23+00:00\" \/>\n<meta name=\"twitter:card\" content=\"summary_large_image\" \/>\n<meta name=\"twitter:label1\" content=\"Estimated reading time\" \/>\n\t<meta name=\"twitter:data1\" content=\"6 minutes\" \/>\n<script type=\"application\/ld+json\" class=\"yoast-schema-graph\">{\"@context\":\"https:\/\/schema.org\",\"@graph\":[{\"@type\":\"WebPage\",\"@id\":\"https:\/\/sleephero.hu\/elozetes-konzultacio\/\",\"url\":\"https:\/\/sleephero.hu\/elozetes-konzultacio\/\",\"name\":\"El\u0151zetes konzult\u00e1ci\u00f3 - Sleep Hero\",\"isPartOf\":{\"@id\":\"https:\/\/sleephero.hu\/#website\"},\"datePublished\":\"2024-01-01T11:55:21+00:00\",\"dateModified\":\"2025-05-02T10:34:23+00:00\",\"breadcrumb\":{\"@id\":\"https:\/\/sleephero.hu\/elozetes-konzultacio\/#breadcrumb\"},\"inLanguage\":\"en-GB\",\"potentialAction\":[{\"@type\":\"ReadAction\",\"target\":[\"https:\/\/sleephero.hu\/elozetes-konzultacio\/\"]}]},{\"@type\":\"BreadcrumbList\",\"@id\":\"https:\/\/sleephero.hu\/elozetes-konzultacio\/#breadcrumb\",\"itemListElement\":[{\"@type\":\"ListItem\",\"position\":1,\"name\":\"Kezd\u0151lap\",\"item\":\"https:\/\/sleephero.hu\/\"},{\"@type\":\"ListItem\",\"position\":2,\"name\":\"El\u0151zetes konzult\u00e1ci\u00f3\"}]},{\"@type\":\"WebSite\",\"@id\":\"https:\/\/sleephero.hu\/#website\",\"url\":\"https:\/\/sleephero.hu\/\",\"name\":\"Sleep Hero\",\"description\":\"\",\"publisher\":{\"@id\":\"https:\/\/sleephero.hu\/#organization\"},\"potentialAction\":[{\"@type\":\"SearchAction\",\"target\":{\"@type\":\"EntryPoint\",\"urlTemplate\":\"https:\/\/sleephero.hu\/?s={search_term_string}\"},\"query-input\":{\"@type\":\"PropertyValueSpecification\",\"valueRequired\":true,\"valueName\":\"search_term_string\"}}],\"inLanguage\":\"en-GB\"},{\"@type\":\"Organization\",\"@id\":\"https:\/\/sleephero.hu\/#organization\",\"name\":\"Sleep Hero\",\"url\":\"https:\/\/sleephero.hu\/\",\"logo\":{\"@type\":\"ImageObject\",\"inLanguage\":\"en-GB\",\"@id\":\"https:\/\/sleephero.hu\/#\/schema\/logo\/image\/\",\"url\":\"https:\/\/sleephero.hu\/wp-content\/uploads\/2020\/06\/logo@2x.png\",\"contentUrl\":\"https:\/\/sleephero.hu\/wp-content\/uploads\/2020\/06\/logo@2x.png\",\"width\":320,\"height\":160,\"caption\":\"Sleep Hero\"},\"image\":{\"@id\":\"https:\/\/sleephero.hu\/#\/schema\/logo\/image\/\"},\"sameAs\":[\"https:\/\/www.facebook.com\/sleephero.hu\/\"]}]}<\/script>\n<!-- \/ Yoast SEO plugin. -->","yoast_head_json":{"title":"El\u0151zetes konzult\u00e1ci\u00f3 - Sleep Hero","robots":{"index":"index","follow":"follow","max-snippet":"max-snippet:-1","max-image-preview":"max-image-preview:large","max-video-preview":"max-video-preview:-1"},"canonical":"https:\/\/sleephero.hu\/en\/elozetes-konzultacio\/","og_locale":"en_GB","og_type":"article","og_title":"El\u0151zetes konzult\u00e1ci\u00f3 - Sleep Hero","og_description":"Alv\u00e1stan\u00e1csad\u00e1st bemutat\u00f3 ingyenes besz\u00e9lget\u00e9sMi a sz\u00f6sz az a gyermek alv\u00e1stan\u00e1csad\u00e1s? Hogyan lesz az \u00e9jjeli, gyakori \u00e9bred\u00e9sekb\u0151l \u00e1taludt \u00e9jszaka? A ringat\u00e1sokat, k\u00fcl\u00f6nb\u00f6z\u0151 altat\u00e1si tr\u00fckk\u00f6ket, a cicin val\u00f3 elalv\u00e1st hogyan v\u00e1ltja fel a b\u00e9k\u00e9s elalv\u00e1s a kis\u00e1gyban? Ezeket a k\u00e9rd\u00e9seket gyakran hitetlenkedve, szkeptikusan teszik fel nekem - \u00e1m az alv\u00e1s tan\u00e1csad\u00e1s v\u00e9g\u00e9re a legszkeptikusabb anyuk\u00e1k \u00e9s apuk\u00e1k [&hellip;]","og_url":"https:\/\/sleephero.hu\/en\/elozetes-konzultacio\/","og_site_name":"Sleep Hero","article_publisher":"https:\/\/www.facebook.com\/sleephero.hu\/","article_modified_time":"2025-05-02T10:34:23+00:00","twitter_card":"summary_large_image","twitter_misc":{"Estimated reading time":"6 minutes"},"schema":{"@context":"https:\/\/schema.org","@graph":[{"@type":"WebPage","@id":"https:\/\/sleephero.hu\/elozetes-konzultacio\/","url":"https:\/\/sleephero.hu\/elozetes-konzultacio\/","name":"El\u0151zetes konzult\u00e1ci\u00f3 - Sleep Hero","isPartOf":{"@id":"https:\/\/sleephero.hu\/#website"},"datePublished":"2024-01-01T11:55:21+00:00","dateModified":"2025-05-02T10:34:23+00:00","breadcrumb":{"@id":"https:\/\/sleephero.hu\/elozetes-konzultacio\/#breadcrumb"},"inLanguage":"en-GB","potentialAction":[{"@type":"ReadAction","target":["https:\/\/sleephero.hu\/elozetes-konzultacio\/"]}]},{"@type":"BreadcrumbList","@id":"https:\/\/sleephero.hu\/elozetes-konzultacio\/#breadcrumb","itemListElement":[{"@type":"ListItem","position":1,"name":"Kezd\u0151lap","item":"https:\/\/sleephero.hu\/"},{"@type":"ListItem","position":2,"name":"El\u0151zetes konzult\u00e1ci\u00f3"}]},{"@type":"WebSite","@id":"https:\/\/sleephero.hu\/#website","url":"https:\/\/sleephero.hu\/","name":"Sleep Hero","description":"","publisher":{"@id":"https:\/\/sleephero.hu\/#organization"},"potentialAction":[{"@type":"SearchAction","target":{"@type":"EntryPoint","urlTemplate":"https:\/\/sleephero.hu\/?s={search_term_string}"},"query-input":{"@type":"PropertyValueSpecification","valueRequired":true,"valueName":"search_term_string"}}],"inLanguage":"en-GB"},{"@type":"Organization","@id":"https:\/\/sleephero.hu\/#organization","name":"Sleep Hero","url":"https:\/\/sleephero.hu\/","logo":{"@type":"ImageObject","inLanguage":"en-GB","@id":"https:\/\/sleephero.hu\/#\/schema\/logo\/image\/","url":"https:\/\/sleephero.hu\/wp-content\/uploads\/2020\/06\/logo@2x.png","contentUrl":"https:\/\/sleephero.hu\/wp-content\/uploads\/2020\/06\/logo@2x.png","width":320,"height":160,"caption":"Sleep Hero"},"image":{"@id":"https:\/\/sleephero.hu\/#\/schema\/logo\/image\/"},"sameAs":["https:\/\/www.facebook.com\/sleephero.hu\/"]}]}},"_links":{"self":[{"href":"https:\/\/sleephero.hu\/en\/wp-json\/wp\/v2\/pages\/25707","targetHints":{"allow":["GET"]}}],"collection":[{"href":"https:\/\/sleephero.hu\/en\/wp-json\/wp\/v2\/pages"}],"about":[{"href":"https:\/\/sleephero.hu\/en\/wp-json\/wp\/v2\/types\/page"}],"author":[{"embeddable":true,"href":"https:\/\/sleephero.hu\/en\/wp-json\/wp\/v2\/users\/155"}],"replies":[{"embeddable":true,"href":"https:\/\/sleephero.hu\/en\/wp-json\/wp\/v2\/comments?post=25707"}],"version-history":[{"count":1,"href":"https:\/\/sleephero.hu\/en\/wp-json\/wp\/v2\/pages\/25707\/revisions"}],"predecessor-version":[{"id":26235,"href":"https:\/\/sleephero.hu\/en\/wp-json\/wp\/v2\/pages\/25707\/revisions\/26235"}],"wp:attachment":[{"href":"https:\/\/sleephero.hu\/en\/wp-json\/wp\/v2\/media?parent=25707"}],"curies":[{"name":"wp","href":"https:\/\/api.w.org\/{rel}","templated":true}]}}