{"id":401,"date":"2020-06-14T06:56:36","date_gmt":"2020-06-14T04:56:36","guid":{"rendered":"https:\/\/thesleephero.com\/?page_id=401"},"modified":"2026-03-23T10:48:55","modified_gmt":"2026-03-23T09:48:55","slug":"blog","status":"publish","type":"page","link":"https:\/\/sleephero.hu\/en\/blog\/","title":{"rendered":"Blog"},"content":{"rendered":"<p>[et_pb_section fb_built=&#8221;1&#8243; next_background_color=&#8221;#ffffff&#8221; admin_label=&#8221;Blog Header&#8221; _builder_version=&#8221;4.27.4&#8243; _module_preset=&#8221;default&#8221; use_background_color_gradient=&#8221;on&#8221; background_color_gradient_direction=&#8221;122deg&#8221; background_color_gradient_stops=&#8221;rgba(136,87,177,0.61) 1%|rgba(136,87,177,0.24) 100%&#8221; background_color_gradient_overlays_image=&#8221;on&#8221; background_image=&#8221;https:\/\/sleephero.hu\/wp-content\/uploads\/2022\/04\/Kapcsolat.jpg&#8221; custom_margin=&#8221;111px||||false|false&#8221; custom_padding=&#8221;||96px||false|false&#8221; bottom_divider_style=&#8221;clouds2&#8243; bottom_divider_height=&#8221;139px&#8221; bottom_divider_flip=&#8221;vertical&#8221; locked=&#8221;off&#8221; global_colors_info=&#8221;{}&#8221;][et_pb_row _builder_version=&#8221;4.17.4&#8243; _module_preset=&#8221;default&#8221; custom_margin=&#8221;76px|auto|76px|auto|true|&#8221; global_colors_info=&#8221;{}&#8221;][et_pb_column type=&#8221;4_4&#8243; _builder_version=&#8221;4.17.4&#8243; _module_preset=&#8221;default&#8221; global_colors_info=&#8221;{}&#8221;][et_pb_text _builder_version=&#8221;4.27.4&#8243; _module_preset=&#8221;default&#8221; header_font=&#8221;Kurale|700||on|||||&#8221; header_text_align=&#8221;center&#8221; header_text_color=&#8221;#FFFFFF&#8221; header_font_size=&#8221;77px&#8221; header_font_size_tablet=&#8221;77px&#8221; header_font_size_phone=&#8221;50px&#8221; header_font_size_last_edited=&#8221;on|phone&#8221; global_colors_info=&#8221;{}&#8221;]<\/p>\n<h1>Blog<\/h1>\n<p>[\/et_pb_text][et_pb_text _builder_version=&#8221;4.27.4&#8243; _module_preset=&#8221;default&#8221; text_font=&#8221;Poppins|700|||||||&#8221; text_text_color=&#8221;#FFFFFF&#8221; text_font_size=&#8221;31px&#8221; text_line_height=&#8221;1.3em&#8221; text_orientation=&#8221;center&#8221; width=&#8221;100%&#8221; module_alignment=&#8221;center&#8221; custom_margin=&#8221;||||false|false&#8221; text_font_size_tablet=&#8221;31px&#8221; text_font_size_phone=&#8221;24px&#8221; text_font_size_last_edited=&#8221;on|phone&#8221; global_colors_info=&#8221;{}&#8221;]<\/p>\n<p>Hasznos tippek \u00e9s cikkek a nyugodt gyermekalv\u00e1shoz<\/p>\n<p>[\/et_pb_text][\/et_pb_column][\/et_pb_row][\/et_pb_section][et_pb_section fb_built=&#8221;1&#8243; _builder_version=&#8221;4.16&#8243; bottom_divider_style=&#8221;slant&#8221; bottom_divider_color=&#8221;#ffffff&#8221; bottom_divider_flip=&#8221;horizontal&#8221; global_colors_info=&#8221;{}&#8221;][et_pb_row _builder_version=&#8221;4.27.4&#8243; hover_enabled=&#8221;0&#8243; global_colors_info=&#8221;{}&#8221; sticky_enabled=&#8221;0&#8243;][et_pb_column type=&#8221;4_4&#8243; _builder_version=&#8221;4.16&#8243; global_colors_info=&#8221;{}&#8221;][et_pb_blog fullwidth=&#8221;off&#8221; posts_number=&#8221;12&#8243; excerpt_length=&#8221;140&#8243; show_author=&#8221;off&#8221; show_date=&#8221;off&#8221; show_categories=&#8221;off&#8221; _builder_version=&#8221;4.27.4&#8243; hover_enabled=&#8221;0&#8243; box_shadow_style=&#8221;preset3&#8243; box_shadow_vertical=&#8221;10px&#8221; box_shadow_blur=&#8221;20px&#8221; box_shadow_spread=&#8221;-13px&#8221; global_colors_info=&#8221;{}&#8221; box_shadow_vertical__hover_enabled=&#8221;on|hover&#8221; box_shadow_vertical__hover=&#8221;5px&#8221; border_radii=&#8221;on|20px|20px|20px|20px&#8221; header_line_height=&#8221;1.3em&#8221; header_font_size=&#8221;19px&#8221; sticky_enabled=&#8221;0&#8243;][\/et_pb_blog][\/et_pb_column][\/et_pb_row][\/et_pb_section]<\/p>\n","protected":false},"excerpt":{"rendered":"<p>BlogHasznos tippek \u00e9s cikkek a nyugodt gyermekalv\u00e1shoz<\/p>","protected":false},"author":155,"featured_media":0,"parent":0,"menu_order":0,"comment_status":"closed","ping_status":"closed","template":"","meta":{"_et_pb_use_builder":"on","_et_pb_old_content":"","_et_gb_content_width":"","inline_featured_image":false,"footnotes":""},"class_list":["post-401","page","type-page","status-publish","hentry"],"yoast_head":"<!-- This site is optimized with the Yoast SEO plugin v27.1.1 - https:\/\/yoast.com\/product\/yoast-seo-wordpress\/ -->\n<title>Babaalv\u00e1s blog \u2013 tippek kipihent sz\u00fcl\u0151knek | Sleep Hero<\/title>\n<meta name=\"description\" content=\"Szak\u00e1cs \u00c9va babaalv\u00e1s blogja: tippek, \u00fatmutat\u00f3k \u00e9s szakmai cikkek sz\u00fcl\u0151knek, akik szeretn\u00e9k, hogy bab\u00e1juk v\u00e9gre j\u00f3l aludjon.\" \/>\n<meta name=\"robots\" content=\"index, follow, max-snippet:-1, max-image-preview:large, max-video-preview:-1\" \/>\n<link rel=\"canonical\" href=\"https:\/\/sleephero.hu\/en\/blog\/\" \/>\n<meta property=\"og:locale\" content=\"en_GB\" \/>\n<meta property=\"og:type\" content=\"article\" \/>\n<meta property=\"og:title\" content=\"Babaalv\u00e1s blog \u2013 tippek kipihent sz\u00fcl\u0151knek | Sleep Hero\" \/>\n<meta property=\"og:description\" content=\"Szak\u00e1cs \u00c9va babaalv\u00e1s blogja: tippek, \u00fatmutat\u00f3k \u00e9s szakmai cikkek sz\u00fcl\u0151knek, akik szeretn\u00e9k, hogy bab\u00e1juk v\u00e9gre j\u00f3l aludjon.\" \/>\n<meta property=\"og:url\" content=\"https:\/\/sleephero.hu\/en\/blog\/\" \/>\n<meta property=\"og:site_name\" content=\"Sleep Hero\" \/>\n<meta property=\"article:publisher\" content=\"https:\/\/www.facebook.com\/sleephero.hu\/\" \/>\n<meta property=\"article:modified_time\" content=\"2026-03-23T09:48:55+00:00\" \/>\n<meta name=\"twitter:card\" content=\"summary_large_image\" \/>\n<meta name=\"twitter:label1\" content=\"Estimated reading time\" \/>\n\t<meta name=\"twitter:data1\" content=\"2 minutes\" \/>\n<script type=\"application\/ld+json\" class=\"yoast-schema-graph\">{\"@context\":\"https:\/\/schema.org\",\"@graph\":[{\"@type\":\"WebPage\",\"@id\":\"https:\/\/sleephero.hu\/blog\/\",\"url\":\"https:\/\/sleephero.hu\/blog\/\",\"name\":\"Babaalv\u00e1s blog \u2013 tippek kipihent sz\u00fcl\u0151knek | Sleep Hero\",\"isPartOf\":{\"@id\":\"https:\/\/sleephero.hu\/#website\"},\"datePublished\":\"2020-06-14T04:56:36+00:00\",\"dateModified\":\"2026-03-23T09:48:55+00:00\",\"description\":\"Szak\u00e1cs \u00c9va babaalv\u00e1s blogja: tippek, \u00fatmutat\u00f3k \u00e9s szakmai cikkek sz\u00fcl\u0151knek, akik szeretn\u00e9k, hogy bab\u00e1juk v\u00e9gre j\u00f3l aludjon.\",\"breadcrumb\":{\"@id\":\"https:\/\/sleephero.hu\/blog\/#breadcrumb\"},\"inLanguage\":\"en-GB\",\"potentialAction\":[{\"@type\":\"ReadAction\",\"target\":[\"https:\/\/sleephero.hu\/blog\/\"]}]},{\"@type\":\"BreadcrumbList\",\"@id\":\"https:\/\/sleephero.hu\/blog\/#breadcrumb\",\"itemListElement\":[{\"@type\":\"ListItem\",\"position\":1,\"name\":\"Kezd\u0151lap\",\"item\":\"https:\/\/sleephero.hu\/\"},{\"@type\":\"ListItem\",\"position\":2,\"name\":\"Blog\"}]},{\"@type\":\"WebSite\",\"@id\":\"https:\/\/sleephero.hu\/#website\",\"url\":\"https:\/\/sleephero.hu\/\",\"name\":\"Sleep Hero\",\"description\":\"\",\"publisher\":{\"@id\":\"https:\/\/sleephero.hu\/#organization\"},\"potentialAction\":[{\"@type\":\"SearchAction\",\"target\":{\"@type\":\"EntryPoint\",\"urlTemplate\":\"https:\/\/sleephero.hu\/?s={search_term_string}\"},\"query-input\":{\"@type\":\"PropertyValueSpecification\",\"valueRequired\":true,\"valueName\":\"search_term_string\"}}],\"inLanguage\":\"en-GB\"},{\"@type\":\"Organization\",\"@id\":\"https:\/\/sleephero.hu\/#organization\",\"name\":\"Sleep Hero\",\"url\":\"https:\/\/sleephero.hu\/\",\"logo\":{\"@type\":\"ImageObject\",\"inLanguage\":\"en-GB\",\"@id\":\"https:\/\/sleephero.hu\/#\/schema\/logo\/image\/\",\"url\":\"https:\/\/sleephero.hu\/wp-content\/uploads\/2020\/06\/logo@2x.png\",\"contentUrl\":\"https:\/\/sleephero.hu\/wp-content\/uploads\/2020\/06\/logo@2x.png\",\"width\":320,\"height\":160,\"caption\":\"Sleep Hero\"},\"image\":{\"@id\":\"https:\/\/sleephero.hu\/#\/schema\/logo\/image\/\"},\"sameAs\":[\"https:\/\/www.facebook.com\/sleephero.hu\/\"]}]}<\/script>\n<!-- \/ Yoast SEO plugin. -->","yoast_head_json":{"title":"Babaalv\u00e1s blog \u2013 tippek kipihent sz\u00fcl\u0151knek | Sleep Hero","description":"Szak\u00e1cs \u00c9va babaalv\u00e1s blogja: tippek, \u00fatmutat\u00f3k \u00e9s szakmai cikkek sz\u00fcl\u0151knek, akik szeretn\u00e9k, hogy bab\u00e1juk v\u00e9gre j\u00f3l aludjon.","robots":{"index":"index","follow":"follow","max-snippet":"max-snippet:-1","max-image-preview":"max-image-preview:large","max-video-preview":"max-video-preview:-1"},"canonical":"https:\/\/sleephero.hu\/en\/blog\/","og_locale":"en_GB","og_type":"article","og_title":"Babaalv\u00e1s blog \u2013 tippek kipihent sz\u00fcl\u0151knek | Sleep Hero","og_description":"Szak\u00e1cs \u00c9va babaalv\u00e1s blogja: tippek, \u00fatmutat\u00f3k \u00e9s szakmai cikkek sz\u00fcl\u0151knek, akik szeretn\u00e9k, hogy bab\u00e1juk v\u00e9gre j\u00f3l aludjon.","og_url":"https:\/\/sleephero.hu\/en\/blog\/","og_site_name":"Sleep Hero","article_publisher":"https:\/\/www.facebook.com\/sleephero.hu\/","article_modified_time":"2026-03-23T09:48:55+00:00","twitter_card":"summary_large_image","twitter_misc":{"Estimated reading time":"2 minutes"},"schema":{"@context":"https:\/\/schema.org","@graph":[{"@type":"WebPage","@id":"https:\/\/sleephero.hu\/blog\/","url":"https:\/\/sleephero.hu\/blog\/","name":"Babaalv\u00e1s blog \u2013 tippek kipihent sz\u00fcl\u0151knek | Sleep Hero","isPartOf":{"@id":"https:\/\/sleephero.hu\/#website"},"datePublished":"2020-06-14T04:56:36+00:00","dateModified":"2026-03-23T09:48:55+00:00","description":"Szak\u00e1cs \u00c9va babaalv\u00e1s blogja: tippek, \u00fatmutat\u00f3k \u00e9s szakmai cikkek sz\u00fcl\u0151knek, akik szeretn\u00e9k, hogy bab\u00e1juk v\u00e9gre j\u00f3l aludjon.","breadcrumb":{"@id":"https:\/\/sleephero.hu\/blog\/#breadcrumb"},"inLanguage":"en-GB","potentialAction":[{"@type":"ReadAction","target":["https:\/\/sleephero.hu\/blog\/"]}]},{"@type":"BreadcrumbList","@id":"https:\/\/sleephero.hu\/blog\/#breadcrumb","itemListElement":[{"@type":"ListItem","position":1,"name":"Kezd\u0151lap","item":"https:\/\/sleephero.hu\/"},{"@type":"ListItem","position":2,"name":"Blog"}]},{"@type":"WebSite","@id":"https:\/\/sleephero.hu\/#website","url":"https:\/\/sleephero.hu\/","name":"Sleep Hero","description":"","publisher":{"@id":"https:\/\/sleephero.hu\/#organization"},"potentialAction":[{"@type":"SearchAction","target":{"@type":"EntryPoint","urlTemplate":"https:\/\/sleephero.hu\/?s={search_term_string}"},"query-input":{"@type":"PropertyValueSpecification","valueRequired":true,"valueName":"search_term_string"}}],"inLanguage":"en-GB"},{"@type":"Organization","@id":"https:\/\/sleephero.hu\/#organization","name":"Sleep Hero","url":"https:\/\/sleephero.hu\/","logo":{"@type":"ImageObject","inLanguage":"en-GB","@id":"https:\/\/sleephero.hu\/#\/schema\/logo\/image\/","url":"https:\/\/sleephero.hu\/wp-content\/uploads\/2020\/06\/logo@2x.png","contentUrl":"https:\/\/sleephero.hu\/wp-content\/uploads\/2020\/06\/logo@2x.png","width":320,"height":160,"caption":"Sleep Hero"},"image":{"@id":"https:\/\/sleephero.hu\/#\/schema\/logo\/image\/"},"sameAs":["https:\/\/www.facebook.com\/sleephero.hu\/"]}]}},"_links":{"self":[{"href":"https:\/\/sleephero.hu\/en\/wp-json\/wp\/v2\/pages\/401","targetHints":{"allow":["GET"]}}],"collection":[{"href":"https:\/\/sleephero.hu\/en\/wp-json\/wp\/v2\/pages"}],"about":[{"href":"https:\/\/sleephero.hu\/en\/wp-json\/wp\/v2\/types\/page"}],"author":[{"embeddable":true,"href":"https:\/\/sleephero.hu\/en\/wp-json\/wp\/v2\/users\/155"}],"replies":[{"embeddable":true,"href":"https:\/\/sleephero.hu\/en\/wp-json\/wp\/v2\/comments?post=401"}],"version-history":[{"count":3,"href":"https:\/\/sleephero.hu\/en\/wp-json\/wp\/v2\/pages\/401\/revisions"}],"predecessor-version":[{"id":26336,"href":"https:\/\/sleephero.hu\/en\/wp-json\/wp\/v2\/pages\/401\/revisions\/26336"}],"wp:attachment":[{"href":"https:\/\/sleephero.hu\/en\/wp-json\/wp\/v2\/media?parent=401"}],"curies":[{"name":"wp","href":"https:\/\/api.w.org\/{rel}","templated":true}]}}